{"id":88,"date":"2024-05-16T18:10:13","date_gmt":"2024-05-16T18:10:13","guid":{"rendered":"https:\/\/charcas-slp.gob.mx\/2021-2024\/?page_id=88"},"modified":"2024-08-12T16:17:16","modified_gmt":"2024-08-12T16:17:16","slug":"primer-trimestre-2024","status":"publish","type":"page","link":"https:\/\/2021-2024.charcas-slp.gob.mx\/?page_id=88","title":{"rendered":"PRIMER TRIMESTRE 2024"},"content":{"rendered":"\n<p><a href=\"https:\/\/charcas-slp.gob.mx\/2021-2024\/wp-content\/uploads\/2024\/05\/Estado_de_situacion_financiera_3042024.pdf\"><strong>ESTADO DE SITUACI\u00d3N FINANCIERA 1ER TRIMESTRE 2024<\/strong><\/a><\/p>\n\n\n\n<p><strong><a href=\"https:\/\/charcas-slp.gob.mx\/2021-2024\/wp-content\/uploads\/2024\/05\/Estado_de_variacion_en_la_hacienda_publica_3042024.pdf\">ESTADO DE VARIACI\u00d3N DE LA HACIENDA PUBLICA 1ER TRIMESTRE 2024<\/a><\/strong><\/p>\n\n\n\n<p><strong><a href=\"https:\/\/charcas-slp.gob.mx\/2021-2024\/wp-content\/uploads\/2024\/05\/Estado_de_cambios_en_la_situacion_financiera_3042024.xls\">ESTADO DE CAMBIO DE LA SITUACI\u00d3N FINANCIERA 1ER TRIMESTRE 2024<\/a><\/strong><\/p>\n\n\n\n<p><strong><a href=\"https:\/\/charcas-slp.gob.mx\/2021-2024\/wp-content\/uploads\/2024\/05\/Estado_analitico_del_activo_3042024.pdf\">ESTADO ANALITICO DEL ACTIVO 1ER TRIMESTRE 2024<\/a><\/strong><\/p>\n\n\n\n<p><strong><a href=\"https:\/\/charcas-slp.gob.mx\/2021-2024\/wp-content\/uploads\/2024\/05\/Estado_de_actividades_3042024.pdf\">ESTADO DE ACTIVIDADES 1ER TRIMESTRE 2024<\/a><\/strong><\/p>\n\n\n\n<p><strong><a href=\"https:\/\/charcas-slp.gob.mx\/2021-2024\/wp-content\/uploads\/2024\/05\/Estado_analitico_de_la_deuda_y_otros_pasivos_3042024.pdf\">ESTADO ANALITICO DE LA DEUDA Y OTROS PASIVOS 1ER TRIMESTRE 2024<\/a><\/strong><\/p>\n\n\n\n<p><a href=\"https:\/\/charcas-slp.gob.mx\/2021-2024\/wp-content\/uploads\/2024\/05\/Estado_analitico_de_ingresos_2019_3042024.pdf\"><strong>ESTADO ANALITICO DE INGRESOS 1ER TRIMESTRE 2024<\/strong><\/a><\/p>\n\n\n\n<p><strong><a href=\"https:\/\/charcas-slp.gob.mx\/2021-2024\/wp-content\/uploads\/2024\/05\/Informe_sobre_pasivos_contingentes_3042024.pdf\">INFORME SOBRE PASIVOS CONTINGENTES 1ER TRIMESTRE 2024<\/a><\/strong><\/p>\n\n\n\n<p><strong><a href=\"https:\/\/charcas-slp.gob.mx\/2021-2024\/wp-content\/uploads\/2024\/05\/Estado_de_flujos_de_efectivo_3042024.pdf\">ESTADO DE FLUJO DE EFECTIVO 1ER TRIMESTRE 2024<\/a><\/strong><\/p>\n\n\n\n<p><strong><a href=\"https:\/\/charcas-slp.gob.mx\/2021-2024\/wp-content\/uploads\/2024\/05\/Endeudamiento_neto_3042024.pdf\">ENDEUDAMIENTO NETO 1ER TRIMESTRE 2024<\/a><\/strong><\/p>\n\n\n\n<p><strong><a href=\"https:\/\/charcas-slp.gob.mx\/2021-2024\/wp-content\/uploads\/2024\/05\/Intereses_de_la_deuda_3042024.xls.pdf\">INTERESES DE LA DEUDA 1ER TRIMESTRE 2024<\/a><\/strong><\/p>\n\n\n\n<p><strong><a href=\"https:\/\/charcas-slp.gob.mx\/2021-2024\/wp-content\/uploads\/2024\/05\/Egresos_por_clasificacion_administrativa_3042024.pdf\">EGRESOS POR CLASIFICACI\u00d3N ADMINISTRATIVA 1ER TRIMESTRE 2024<\/a><\/strong><\/p>\n\n\n\n<p><strong><a href=\"https:\/\/charcas-slp.gob.mx\/2021-2024\/wp-content\/uploads\/2024\/05\/Egresos_por_clasificacion_por_objeto_del_gasto_3042024.pdf\">EGRESO POR CLASIFICACI\u00d3N POR OBJETO DEL GASTO 1ER TRIMESTRE 2024<\/a><\/strong><\/p>\n\n\n\n<p><strong><a href=\"https:\/\/charcas-slp.gob.mx\/2021-2024\/wp-content\/uploads\/2024\/05\/Egresos_por_clasificacion_economica_por_tipo_de_gasto_3042024.pdf\">EGRESO POR CLASIFICACI\u00d3N ECONOMICA POR TIPO DE GASTO 1ER TRIMESTRE 2024<\/a><\/strong><\/p>\n\n\n\n<p><strong><a href=\"https:\/\/charcas-slp.gob.mx\/2021-2024\/wp-content\/uploads\/2024\/05\/Egresos_por_clasificacion_funcional_3042024.pdf\">EGRESO POR CLASIFICACI\u00d3N FUNCIONAL 1ER TRIMESTRE 2024<\/a><\/strong><\/p>\n\n\n\n<p><strong><a href=\"https:\/\/charcas-slp.gob.mx\/2021-2024\/wp-content\/uploads\/2024\/05\/Egresos_por_clasificacion_administrativa_Gobierno_3042024.pdf\">EGRESOS POR CLASIFICACI\u00d3N ADMINISTRATIVA GOBIERNO 1ER TRIMESTRE 2024<\/a><\/strong><\/p>\n\n\n\n<p><strong><a href=\"https:\/\/charcas-slp.gob.mx\/2021-2024\/wp-content\/uploads\/2024\/05\/Egresos_por_clasificacion_administrativa_Paraestatal_3042024.pdf\">EGRESOS POR CLASIFICACI\u00d3N ADMINISTRATIVA PARAESTATAL 1ER TRIMESTRE 2024<\/a><\/strong><\/p>\n\n\n\n<p><strong><a href=\"https:\/\/charcas-slp.gob.mx\/2021-2024\/wp-content\/uploads\/2024\/05\/Gasto_por_categoria_programatica_3042024.pdf\">GASTO POR CATEGORIA PROGRAMATICA 1ER TRIMESTRE 2024<\/a><\/strong><\/p>\n\n\n\n<p><strong><a href=\"https:\/\/charcas-slp.gob.mx\/2021-2024\/wp-content\/uploads\/2024\/05\/Indicadores_de_postura_fiscal_3042024.pdf\">INDICADORES DE POSTURA FISC<\/a>AL<\/strong><\/p>\n\n\n\n<p><strong><a href=\"https:\/\/charcas-slp.gob.mx\/2021-2024\/wp-content\/uploads\/2024\/08\/ARTICULO-78-1.pdf\">ART. 78 1ER TRIMSTRE 2024<\/a><\/strong><\/p>\n\n\n\n<p><strong><a href=\"https:\/\/charcas-slp.gob.mx\/2021-2024\/wp-content\/uploads\/2024\/08\/AYUDAS-Y-SUBSIDIOS-1.pdf\">AYUDAS Y SUBSIDIOS  1ER TRIMESTRE 2024<\/a><\/strong><\/p>\n\n\n\n<p><\/p>\n\n\n\n<p><\/p>\n\n\n\n<p><\/p>\n","protected":false},"excerpt":{"rendered":"<p>ESTADO DE SITUACI\u00d3N FINANCIERA 1ER TRIMESTRE 2024 ESTADO DE VARIACI\u00d3N DE LA HACIENDA PUBLICA 1ER TRIMESTRE 2024 ESTADO DE CAMBIO DE LA SITUACI\u00d3N FINANCIERA 1ER TRIMESTRE 2024 ESTADO ANALITICO DEL ACTIVO 1ER TRIMESTRE 2024 ESTADO DE ACTIVIDADES 1ER TRIMESTRE 2024 ESTADO ANALITICO DE LA DEUDA Y OTROS PASIVOS 1ER TRIMESTRE 2024 ESTADO ANALITICO DE INGRESOS [&hellip;]<\/p>\n","protected":false},"author":2,"featured_media":0,"parent":0,"menu_order":0,"comment_status":"closed","ping_status":"closed","template":"","meta":{"footnotes":""},"class_list":["post-88","page","type-page","status-publish","hentry"],"_links":{"self":[{"href":"https:\/\/2021-2024.charcas-slp.gob.mx\/index.php?rest_route=\/wp\/v2\/pages\/88","targetHints":{"allow":["GET"]}}],"collection":[{"href":"https:\/\/2021-2024.charcas-slp.gob.mx\/index.php?rest_route=\/wp\/v2\/pages"}],"about":[{"href":"https:\/\/2021-2024.charcas-slp.gob.mx\/index.php?rest_route=\/wp\/v2\/types\/page"}],"author":[{"embeddable":true,"href":"https:\/\/2021-2024.charcas-slp.gob.mx\/index.php?rest_route=\/wp\/v2\/users\/2"}],"replies":[{"embeddable":true,"href":"https:\/\/2021-2024.charcas-slp.gob.mx\/index.php?rest_route=%2Fwp%2Fv2%2Fcomments&post=88"}],"version-history":[{"count":25,"href":"https:\/\/2021-2024.charcas-slp.gob.mx\/index.php?rest_route=\/wp\/v2\/pages\/88\/revisions"}],"predecessor-version":[{"id":501,"href":"https:\/\/2021-2024.charcas-slp.gob.mx\/index.php?rest_route=\/wp\/v2\/pages\/88\/revisions\/501"}],"wp:attachment":[{"href":"https:\/\/2021-2024.charcas-slp.gob.mx\/index.php?rest_route=%2Fwp%2Fv2%2Fmedia&parent=88"}],"curies":[{"name":"wp","href":"https:\/\/api.w.org\/{rel}","templated":true}]}}