{"id":615,"date":"2024-08-23T15:47:41","date_gmt":"2024-08-23T15:47:41","guid":{"rendered":"https:\/\/charcas-slp.gob.mx\/2021-2024\/?page_id=615"},"modified":"2024-08-23T19:47:48","modified_gmt":"2024-08-23T19:47:48","slug":"segundo-trimestre-2023","status":"publish","type":"page","link":"https:\/\/2021-2024.charcas-slp.gob.mx\/?page_id=615","title":{"rendered":"SEGUNDO TRIMESTRE 2023"},"content":{"rendered":"\n<p><strong><a href=\"https:\/\/charcas-slp.gob.mx\/2021-2024\/wp-content\/uploads\/2024\/08\/Estado_de_situacion_financiera_3062023.xls\">ESTADO DE SITUACI\u00d3N FINANCIERA SEGUNDO TRIMESTRE 2023<\/a><\/strong><\/p>\n\n\n\n<p><strong><a href=\"https:\/\/charcas-slp.gob.mx\/2021-2024\/wp-content\/uploads\/2024\/08\/Estado_de_variacion_en_la_hacienda_publica_3062023.xls\">ESTADO DE VARIACI\u00d3N DE LA HACIENDA PUBLICA SEGUNDO TRIMESTRE 2023<\/a><\/strong><\/p>\n\n\n\n<p><strong><a href=\"https:\/\/charcas-slp.gob.mx\/2021-2024\/wp-content\/uploads\/2024\/08\/Estado_de_cambios_en_la_situacion_financiera_3062023.xls\">ESTADO DE CAMBIO DE LA SITUACI\u00d3N FINANCIERA SEGUNDO TRIMESRE 2023<\/a><\/strong><\/p>\n\n\n\n<p><strong><a href=\"https:\/\/charcas-slp.gob.mx\/2021-2024\/wp-content\/uploads\/2024\/08\/Estado_analitico_del_activo_3062023.xls\">ESTADO ANALITICO DEL ACTIVO SEGUNDO TRIMESTRE 2023<\/a><\/strong><\/p>\n\n\n\n<p><strong><a href=\"https:\/\/charcas-slp.gob.mx\/2021-2024\/wp-content\/uploads\/2024\/08\/Estado_de_actividades_3062023.xls\">ESTADO DE ACTIVIDADES SEGUNDO TRIMESTRE 2023<\/a><\/strong><\/p>\n\n\n\n<p><strong><a href=\"https:\/\/charcas-slp.gob.mx\/2021-2024\/wp-content\/uploads\/2024\/08\/Estado_analitico_de_la_deuda_y_otros_pasivos_3062023.xls\">ESTADO ANALITICO DE LA DEUDA Y OTROS PASIVOS SEGUNDO TRIMESTRE 2023<\/a><\/strong><\/p>\n\n\n\n<p><strong><a href=\"https:\/\/charcas-slp.gob.mx\/2021-2024\/wp-content\/uploads\/2024\/08\/Estado_analitico_de_ingresos_2019_3062023.xls\">ESTADO ANALITICO DE INGRESOS SEGUNDO TRIMESTRE 2023<\/a><\/strong><\/p>\n\n\n\n<p><strong><a href=\"https:\/\/charcas-slp.gob.mx\/2021-2024\/wp-content\/uploads\/2024\/08\/Informe_sobre_pasivos_contingentes_3062023.xls\">INFORME SOBRE PASIVOS CONTINGENTES SEGUNDO TRIMESTRE 2023<\/a><\/strong><\/p>\n\n\n\n<p><strong><a href=\"https:\/\/charcas-slp.gob.mx\/2021-2024\/wp-content\/uploads\/2024\/08\/Estado_de_flujos_de_efectivo_3062023.xls\">ESTADO DE FLUJO DE EFECTIVO SEGUNDO TRIMESTRE 2023<\/a><\/strong><\/p>\n\n\n\n<p><a href=\"https:\/\/charcas-slp.gob.mx\/2021-2024\/wp-content\/uploads\/2024\/08\/Endeudamiento_neto_3062023.xls\"><strong>ENDEUDAMIENTO NETO SEGUNDO TRIMESTRE 2023<\/strong><\/a><\/p>\n\n\n\n<p><strong><a href=\"https:\/\/charcas-slp.gob.mx\/2021-2024\/wp-content\/uploads\/2024\/08\/Intereses_de_la_deuda_3062023.xls\">INTERESES DE LA DEUDA SEGUNDO TRIMESTRE 2023<\/a><\/strong><\/p>\n\n\n\n<p><strong><a href=\"https:\/\/charcas-slp.gob.mx\/2021-2024\/wp-content\/uploads\/2024\/08\/INDICADORES-DE-RESULTADOS-4.pdf\">INDICADORES DE RESULTADOS SEGUNDO TRIMESTRE  2023<\/a><\/strong><\/p>\n\n\n\n<p><strong><a href=\"https:\/\/charcas-slp.gob.mx\/2021-2024\/wp-content\/uploads\/2024\/08\/Gasto_por_categoria_programatica_3062023.xls\">GASTO POR CATEGORIA PROGRAMATICA SEGUNDO TRIMESTRE 2023<\/a><\/strong><\/p>\n\n\n\n<p><strong><a href=\"https:\/\/charcas-slp.gob.mx\/2021-2024\/wp-content\/uploads\/2024\/08\/Egresos_por_clasificacion_administrativa_3062023.xls\">EGRESOS POR CLASIFICACI\u00d3N ADMINISTRATIVA SEGUNDO TRIMESTRE 2023<\/a><\/strong><\/p>\n\n\n\n<p><strong><a href=\"https:\/\/charcas-slp.gob.mx\/2021-2024\/wp-content\/uploads\/2024\/08\/Egresos_por_clasificacion_por_objeto_del_gasto_3062023.xls\">EGRESOS POR CLASIFICACI\u00d3N POR OBJETO DE GASTO 2023<\/a><\/strong><\/p>\n\n\n\n<p><strong><a href=\"https:\/\/charcas-slp.gob.mx\/2021-2024\/wp-content\/uploads\/2024\/08\/Egresos_por_clasificacion_economica_por_tipo_de_gasto_3062023.xls\">EGRESOS POR CLASIFICACI\u00d3N ECONOMICA POR TIPO DE GASTO SEGUNDO TRIMESTRE 2023<\/a><\/strong><\/p>\n\n\n\n<p><strong><a href=\"https:\/\/charcas-slp.gob.mx\/2021-2024\/wp-content\/uploads\/2024\/08\/Egresos_por_clasificacion_funcional_3062023.xls\">EGRESOS POR CLASIFICACI\u00d3N FUNCIONAL SEGUNDO TRIMESTRE 2023<\/a><\/strong><\/p>\n\n\n\n<p><strong><a href=\"https:\/\/charcas-slp.gob.mx\/2021-2024\/wp-content\/uploads\/2024\/08\/Notas_Estados_Financieros_3062023.xlsx\">NOTAS ESTADOS FINANCIEROS SEGUNDO TRIMESTRE 2023<\/a><\/strong><\/p>\n\n\n\n<p><strong><a href=\"https:\/\/charcas-slp.gob.mx\/2021-2024\/wp-content\/uploads\/2024\/08\/ARTICULO-78-4.pdf\">ART. 78 SEGUNDO TRIMESTRE 2023<\/a><\/strong><\/p>\n\n\n\n<p><strong><a href=\"https:\/\/charcas-slp.gob.mx\/2021-2024\/wp-content\/uploads\/2024\/08\/AYUDAS-Y-SUBSIDIOS-4.pdf\">AYUDAS Y SUBSIDIOS SEGUNDO TRIMESTRE 2023<\/a><\/strong><\/p>\n\n\n\n<p><strong><a href=\"https:\/\/charcas-slp.gob.mx\/2021-2024\/wp-content\/uploads\/2024\/08\/PROGRAMAS-Y-PROYECTOS-4.pdf\">PROGRAMAS Y PROYECTOS SEGUNDO TRIMESTRE 2023<\/a><\/strong><\/p>\n\n\n\n<p><strong><a href=\"https:\/\/charcas-slp.gob.mx\/2021-2024\/wp-content\/uploads\/2024\/08\/15-Publica-la-informacion-trimestral-sobre-la-aplicacion-de-los-recursos-federales-para-el-Fondo-de-Aportaciones-para-la-Infraestructura-Social-5.pdf\">INFORMACI\u00d3N TRIMESTRAL SOBRE LA APLICACI\u00d3N DE LOS RECURSOS FEDERALES PARA EL FONDO DE APORTACIONES PARA LA INFRAESTRUCTRURA SOCIAL SEGUNDO TRIMESTRE 2023 <\/a><\/strong><\/p>\n\n\n\n<p><strong><a href=\"https:\/\/charcas-slp.gob.mx\/2021-2024\/wp-content\/uploads\/2024\/08\/Publica-la-informacion-de-aplicacion-de-recursos-federales-del-Fondo-de-Aportaciones-para-el-Fortalecimiento-de-los-Municipios-y-Demarcaciones-Territoriales-del-Distrito-Federal-4.pdf\">INFORMACI\u00d3N DE APLICACI\u00d3N DE RECURSOS FEDERALES DEL FONDO DE APORTACIONES PARA EL FORTALECIMIENTO DE LOS MUNICIPIOS Y DEMARCACIONES TERRITORIALES DEL DISFRITO FEDERAL <\/a><\/strong><\/p>\n\n\n\n<p><strong><a href=\"https:\/\/charcas-slp.gob.mx\/2021-2024\/wp-content\/uploads\/2024\/08\/Publica-la-informacion-trimestral-del-ejercicio-y-destino-de-gasto-federalizado-y-reintegros-4.pdf\" data-type=\"link\" data-id=\"https:\/\/charcas-slp.gob.mx\/2021-2024\/wp-content\/uploads\/2024\/08\/Publica-la-informacion-trimestral-del-ejercicio-y-destino-de-gasto-federalizado-y-reintegros-4.pdf\">INFORMACI\u00d3N TRIMESTRAL DEL EJERCICIO Y DESTINO DEL GASTO FEDERALIZADO Y REINTEGROS<\/a><\/strong><\/p>\n\n\n\n<p> <\/p>\n\n\n\n<p><\/p>\n\n\n\n<p><\/p>\n","protected":false},"excerpt":{"rendered":"<p>ESTADO DE SITUACI\u00d3N FINANCIERA SEGUNDO TRIMESTRE 2023 ESTADO DE VARIACI\u00d3N DE LA HACIENDA PUBLICA SEGUNDO TRIMESTRE 2023 ESTADO DE CAMBIO DE LA SITUACI\u00d3N FINANCIERA SEGUNDO TRIMESRE 2023 ESTADO ANALITICO DEL ACTIVO SEGUNDO TRIMESTRE 2023 ESTADO DE ACTIVIDADES SEGUNDO TRIMESTRE 2023 ESTADO ANALITICO DE LA DEUDA Y OTROS PASIVOS SEGUNDO TRIMESTRE 2023 ESTADO ANALITICO DE INGRESOS [&hellip;]<\/p>\n","protected":false},"author":2,"featured_media":0,"parent":0,"menu_order":0,"comment_status":"closed","ping_status":"closed","template":"","meta":{"footnotes":""},"class_list":["post-615","page","type-page","status-publish","hentry"],"_links":{"self":[{"href":"https:\/\/2021-2024.charcas-slp.gob.mx\/index.php?rest_route=\/wp\/v2\/pages\/615","targetHints":{"allow":["GET"]}}],"collection":[{"href":"https:\/\/2021-2024.charcas-slp.gob.mx\/index.php?rest_route=\/wp\/v2\/pages"}],"about":[{"href":"https:\/\/2021-2024.charcas-slp.gob.mx\/index.php?rest_route=\/wp\/v2\/types\/page"}],"author":[{"embeddable":true,"href":"https:\/\/2021-2024.charcas-slp.gob.mx\/index.php?rest_route=\/wp\/v2\/users\/2"}],"replies":[{"embeddable":true,"href":"https:\/\/2021-2024.charcas-slp.gob.mx\/index.php?rest_route=%2Fwp%2Fv2%2Fcomments&post=615"}],"version-history":[{"count":21,"href":"https:\/\/2021-2024.charcas-slp.gob.mx\/index.php?rest_route=\/wp\/v2\/pages\/615\/revisions"}],"predecessor-version":[{"id":662,"href":"https:\/\/2021-2024.charcas-slp.gob.mx\/index.php?rest_route=\/wp\/v2\/pages\/615\/revisions\/662"}],"wp:attachment":[{"href":"https:\/\/2021-2024.charcas-slp.gob.mx\/index.php?rest_route=%2Fwp%2Fv2%2Fmedia&parent=615"}],"curies":[{"name":"wp","href":"https:\/\/api.w.org\/{rel}","templated":true}]}}